{"id":25,"date":"2016-02-08T20:21:57","date_gmt":"2016-02-08T20:21:57","guid":{"rendered":"http:\/\/rechtsanwalt-schmidt.eu\/?page_id=25"},"modified":"2026-03-23T20:16:49","modified_gmt":"2026-03-23T20:16:49","slug":"under-construction","status":"publish","type":"page","link":"https:\/\/rechtsanwalt-schmidt.eu\/?page_id=25","title":{"rendered":"Leistungen"},"content":{"rendered":"\n<hr class=\"wp-block-separator has-alpha-channel-opacity\"\/>\n\n\n\n<div class=\"wp-block-media-text alignwide is-stacked-on-mobile\" style=\"grid-template-columns:18% auto\"><figure class=\"wp-block-media-text__media\"><img loading=\"lazy\" decoding=\"async\" width=\"700\" height=\"1050\" src=\"http:\/\/rechtsanwalt-schmidt.eu\/wp-content\/uploads\/2016\/02\/Flo_MitLiebePhotography-12-700x1050.jpg\" alt=\"\" class=\"wp-image-99 size-full\" srcset=\"https:\/\/rechtsanwalt-schmidt.eu\/wp-content\/uploads\/2016\/02\/Flo_MitLiebePhotography-12-700x1050.jpg 700w, https:\/\/rechtsanwalt-schmidt.eu\/wp-content\/uploads\/2016\/02\/Flo_MitLiebePhotography-12-200x300.jpg 200w, https:\/\/rechtsanwalt-schmidt.eu\/wp-content\/uploads\/2016\/02\/Flo_MitLiebePhotography-12-768x1152.jpg 768w, https:\/\/rechtsanwalt-schmidt.eu\/wp-content\/uploads\/2016\/02\/Flo_MitLiebePhotography-12-33x50.jpg 33w, https:\/\/rechtsanwalt-schmidt.eu\/wp-content\/uploads\/2016\/02\/Flo_MitLiebePhotography-12.jpg 1024w\" sizes=\"auto, (max-width: 700px) 100vw, 700px\" \/><\/figure><div class=\"wp-block-media-text__content\">\n<p>Als erfahrener Rechtsanwalt mit \u00fcber zehn Jahren Berufspraxis unterst\u00fctzt Florian Schmidt Unternehmen dabei, rechtliche Herausforderungen im digitalen Zeitalter souver\u00e4n zu meistern. Mit seiner Spezialisierung auf <strong>Datenschutz- und IT-Recht<\/strong> bietet er praxisnahe L\u00f6sungen, die rechtliche Sicherheit schaffen und gleichzeitig die wirtschaftlichen Interessen seiner Mandanten im Blick behalten.<\/p>\n\n\n\n<p>Durch seine T\u00e4tigkeit als Head of <em>Privacy &amp; IT<\/em> bei einem international t\u00e4tigen Beratungshaus sowie seiner langj\u00e4hrigen Erfahrung als Syndikusrechtsanwalt bei einem Versicherungsunternehmen verf\u00fcgt er \u00fcber tiefgehendes Know-how in der Beratung von Unternehmen jeder Gr\u00f6\u00dfe. <\/p>\n\n\n\n<p>So hat ihm auch der Vorstand der Rechtsanwaltskammer N\u00fcrnberg die Befugnis verliehen, die Bezeichnung &#8222;<strong>Fachanwalt f\u00fcr Informationstechnologierecht<\/strong>&#8220; zu f\u00fchren. Voraussetzung f\u00fcr die Verleihung war, dass er besondere theoretische Kenntnisse und besondere praktische Erfahrungen nachweisen musste. Besondere theoretische Kenntnisse und besondere praktische Erfahrungen liegen nur dann vor, wenn sie auf dem Fachgebiet erheblich das Ma\u00df dessen \u00fcbersteigen, was \u00fcblicherweise durch die berufliche Ausbildung und praktische Erfahrung im Beruf vermittelt wird.<\/p>\n\n\n\n<p>Mandanten profitieren von:<\/p>\n\n\n\n<ul class=\"wp-block-list\">\n<li><strong>Strategischer Beratung<\/strong> im Umgang mit komplexen rechtlichen Fragestellungen<\/li>\n\n\n\n<li><strong>Praxisnaher Unterst\u00fctzung<\/strong> bei der Umsetzung von IT-Compliance<\/li>\n\n\n\n<li><strong>Langj\u00e4hriger Erfahrung<\/strong> in der Rechtsberatung gro\u00dfer Unternehmen<\/li>\n<\/ul>\n\n\n\n<p>Florian Schmidt ist Ihr kompetenter Ansprechpartner, wenn es darum geht, rechtliche Risiken zu minimieren und Chancen im digitalen Umfeld optimal zu nutzen. <\/p>\n\n\n\n<p>Nehmen Sie jederzeit gerne <a href=\"https:\/\/rechtsanwalt-schmidt.eu\/?page_id=39\" data-type=\"page\" data-id=\"39\">Kontakt <\/a>auf.<\/p>\n<\/div><\/div>\n","protected":false},"excerpt":{"rendered":"","protected":false},"author":1,"featured_media":0,"parent":0,"menu_order":2,"comment_status":"closed","ping_status":"closed","template":"","meta":{"footnotes":""},"class_list":["post-25","page","type-page","status-publish","hentry"],"_links":{"self":[{"href":"https:\/\/rechtsanwalt-schmidt.eu\/index.php?rest_route=\/wp\/v2\/pages\/25","targetHints":{"allow":["GET"]}}],"collection":[{"href":"https:\/\/rechtsanwalt-schmidt.eu\/index.php?rest_route=\/wp\/v2\/pages"}],"about":[{"href":"https:\/\/rechtsanwalt-schmidt.eu\/index.php?rest_route=\/wp\/v2\/types\/page"}],"author":[{"embeddable":true,"href":"https:\/\/rechtsanwalt-schmidt.eu\/index.php?rest_route=\/wp\/v2\/users\/1"}],"replies":[{"embeddable":true,"href":"https:\/\/rechtsanwalt-schmidt.eu\/index.php?rest_route=%2Fwp%2Fv2%2Fcomments&post=25"}],"version-history":[{"count":45,"href":"https:\/\/rechtsanwalt-schmidt.eu\/index.php?rest_route=\/wp\/v2\/pages\/25\/revisions"}],"predecessor-version":[{"id":414,"href":"https:\/\/rechtsanwalt-schmidt.eu\/index.php?rest_route=\/wp\/v2\/pages\/25\/revisions\/414"}],"wp:attachment":[{"href":"https:\/\/rechtsanwalt-schmidt.eu\/index.php?rest_route=%2Fwp%2Fv2%2Fmedia&parent=25"}],"curies":[{"name":"wp","href":"https:\/\/api.w.org\/{rel}","templated":true}]}}