{"id":327,"date":"2018-05-23T19:39:03","date_gmt":"2018-05-23T19:39:03","guid":{"rendered":"http:\/\/rechtsanwalt-schmidt.eu\/?page_id=327"},"modified":"2023-07-10T18:26:52","modified_gmt":"2023-07-10T18:26:52","slug":"datenschutzerklaerung","status":"publish","type":"page","link":"https:\/\/rechtsanwalt-schmidt.eu\/?page_id=327","title":{"rendered":"Datenschutzerkl\u00e4rung"},"content":{"rendered":"<p>Verantwortliche Stelle im Sinne der Datenschutzgesetze, insbesondere der EU-Datenschutzgrundverordnung (DSGVO), ist:<\/p>\n<p>Rechtsanwalt Florian Schmidt<\/p>\n<p>Narzissenweg 2<\/p>\n<p>91564 Neuendettelsau<\/p>\n<hr \/>\n<h2>Zwecke der Datenverarbeitung und Rechtsgrundlagen<\/h2>\n<p>Wir verarbeiten Ihre personenbezogenen Daten unter Beachtung der DSGVO, des BDSG sowie aller weiteren Ma\u00dfgeblichen Gesetze. M\u00f6chten Sie uns mandatieren, ben\u00f6tigen wir die von Ihnen gemachten Angaben f\u00fcr den Abschluss des Vertrages. Kommt der Vertrag zu Stande, verarbeiten wir diese Daten zur Durchf\u00fchrung des Vertragsverh\u00e4ltnisses. Der Abschluss bzw. die Durchf\u00fchrung des Vertrages ist ohne die Verarbeitung Ihrer personenbezogenen Daten nicht m\u00f6glich.<\/p>\n<p>Rechtsgrundlage f\u00fcr diese Verarbeitungen personenbezogener Daten f\u00fcr vorvertragliche Zwecke ist Art. 6 Abs. 1 b) DSGVO.<\/p>\n<p>Ihre Daten verarbeiten wir auch, um berechtigte Interessen von uns oder Dritten zu wahren (Art. 6 Abs. 1 f) DSGVO). Dies kann insbesondere erforderlich sein:<\/p>\n<p>&#8211; zur Gew\u00e4hrleistung der IT-Sicherheit und des IT-Betriebs,<\/p>\n<p>&#8211; zur Werbung f\u00fcr unsere Produkte und Dienstleistungen sowie<\/p>\n<p>&#8211; zur Verhinderung und Aufkl\u00e4rung von Straftaten.<\/p>\n<p>Dar\u00fcber hinaus verarbeiten wir Ihre personenbezogenen Daten zur Erf\u00fcllung gesetzlicher Verpflichtungen wie z.B. aufsichtsrechtlicher Vorgaben, handels- und steuerrechtlicher Aufbewahrungspflichten oder unserer Beratungspflicht. Als Rechtsgrundlage f\u00fcr die Verarbeitung in diesem Fall dienen die jeweiligen gesetzlichen Regelungen i.V.m. Art. 6 Abs. 1 c) DSGVO.<\/p>\n<h2>Herkunft der Daten<\/h2>\n<p>Wir verarbeiten personenbezogene Daten, die wir im Rahmen unserer Gesch\u00e4ftsbeziehung von Ihnen erhalten. Zudem verarbeiten wir &#8211; soweit f\u00fcr die Erbringung unserer Dienstleistung erforderlich &#8211; personenbezogene Daten, die wir von Dritten (z.B. die Gegenseite im Streitfall) zul\u00e4ssigerweise erhalten haben. Weiterhin verarbeiten wir personenbezogene Daten, die wir aus \u00f6ffentlich zug\u00e4nglichen Quellen (z.B. Schuldnerverzeichnis) zul\u00e4ssigerweise gewonnen haben und verarbeiten d\u00fcrfen.<\/p>\n<h2>L\u00f6schung bzw. Sperrung der Daten<\/h2>\n<p>Wir halten uns an die Grunds\u00e4tze der Datenvermeidung und Datensparsamkeit. Wir speichern Ihre personenbezogenen Daten daher nur so lange, wie dies zur Erreichung der hier genannten Zwecke erforderlich ist oder wie es die vom Gesetzgeber vorgesehenen vielf\u00e4ltigen Speicherfristen vorsehen. Nach Fortfall des jeweiligen Zweckes bzw. Ablauf dieser Fristen werden die entsprechenden Daten routinem\u00e4\u00dfig und entsprechend den gesetzlichen Vorschriften gesperrt oder gel\u00f6scht.<\/p>\n<h2>Kontakt<\/h2>\n<p>Sie k\u00f6nnen unsere Internetseite aufrufen, ohne vorab irgendwelche Angaben zu Ihrer Person zu machen.\u00a0Als Nutzer unseres Internetauftrittes k\u00f6nnen Sie sich anonym bewegen, so lange Sie dies wollen. Wir verwenden keinerlei Cookies.<\/p>\n<p>Wenn Sie uns um Kontaktaufnahme bitten, werden Sie aufgefordert, uns bestimmte pers\u00f6nliche Daten zu \u00fcbermitteln. Wir erheben grunds\u00e4tzlich nur die Angaben, welche wir zur Ausf\u00fchrung der Aufgabe oder Anfrage zwingend ben\u00f6tigen. Selbstverst\u00e4ndlich steht es Ihnen frei, uns diese Information nicht zu geben. In diesem Fall sind wir allerdings nicht in der Lage, Ihnen die gew\u00fcnschten Produkte, Dienstleistungen oder Informationen zur Verf\u00fcgung zu stellen.<\/p>\n<p>Bitte beachten Sie, dass die Verarbeitung sog. besonderer Kategorien personenbezogener Daten wie beispielsweise Gesundheitsdaten besonderen Voraussetzungen unterliegt. So ist f\u00fcr die Verarbeitung dieser Daten eine Einwilligung erforderlich. Folglich k\u00f6nnen wir von Ihnen \u00fcberlassene Gesundheitsdaten nur verarbeiten, soweit uns Ihre Einwilligung hierzu vorliegt.<\/p>\n<h2>Ihre Betroffenenrechte<\/h2>\n<p>Unter den angegebenen Kontaktdaten k\u00f6nnen Sie jederzeit folgende Rechte aus\u00fcben:<\/p>\n<p>&#8211; Auskunft \u00fcber Ihre bei uns gespeicherten Daten und deren Verarbeitung,<\/p>\n<p>&#8211; Berichtigung unrichtiger personenbezogener Daten,<\/p>\n<p>&#8211; L\u00f6schung Ihrer bei uns gespeicherten Daten,<\/p>\n<p>&#8211; Einschr\u00e4nkung der Datenverarbeitung, sofern wir Ihre Daten aufgrund gesetzlicher Pflichten noch nicht l\u00f6schen d\u00fcrfen,<\/p>\n<p>&#8211; Widerspruch gegen die Verarbeitung Ihrer Daten bei uns und<\/p>\n<p>&#8211; Daten\u00fcbertragbarkeit, sofern Sie in die Datenverarbeitung eingewilligt haben oder einen Vertrag mit uns abgeschlossen haben.<\/p>\n<p>Sofern Sie uns eine Einwilligung erteilt haben, k\u00f6nnen Sie diese jederzeit mit Wirkung f\u00fcr die Zukunft widerrufen.<\/p>\n<p>Sie k\u00f6nnen sich jederzeit mit einer Beschwerde an die f\u00fcr Sie zust\u00e4ndige Aufsichtsbeh\u00f6rde wenden. Ihre zust\u00e4ndige Aufsichtsbeh\u00f6rde richtet sich nach dem Bundesland Ihres Wohnsitzes, Ihrer Arbeit oder der mutma\u00dflichen Verletzung.<\/p>\n<h2>\u00c4nderung unserer Datenschutzbestimmungen<\/h2>\n<p>Wir behalten uns vor, diese Datenschutzerkl\u00e4rung anzupassen, damit sie stets den aktuellen rechtlichen Anforderungen entspricht oder um \u00c4nderungen unserer Leistungen in der Datenschutzerkl\u00e4rung umzusetzen, z.B. bei der Einf\u00fchrung neuer Services. F\u00fcr Ihren erneuten Besuch gilt dann die neue Datenschutzerkl\u00e4rung.<\/p>\n","protected":false},"excerpt":{"rendered":"<p>Verantwortliche Stelle im Sinne der Datenschutzgesetze, insbesondere der EU-Datenschutzgrundverordnung (DSGVO), ist: Rechtsanwalt Florian Schmidt Narzissenweg 2 91564 Neuendettelsau Zwecke der Datenverarbeitung und Rechtsgrundlagen Wir verarbeiten Ihre personenbezogenen Daten unter Beachtung der DSGVO, des BDSG sowie aller weiteren Ma\u00dfgeblichen Gesetze. M\u00f6chten<\/p>\n","protected":false},"author":1,"featured_media":0,"parent":0,"menu_order":0,"comment_status":"closed","ping_status":"closed","template":"page-templates\/page-builder.php","meta":{"footnotes":""},"class_list":["post-327","page","type-page","status-publish","hentry"],"_links":{"self":[{"href":"https:\/\/rechtsanwalt-schmidt.eu\/index.php?rest_route=\/wp\/v2\/pages\/327","targetHints":{"allow":["GET"]}}],"collection":[{"href":"https:\/\/rechtsanwalt-schmidt.eu\/index.php?rest_route=\/wp\/v2\/pages"}],"about":[{"href":"https:\/\/rechtsanwalt-schmidt.eu\/index.php?rest_route=\/wp\/v2\/types\/page"}],"author":[{"embeddable":true,"href":"https:\/\/rechtsanwalt-schmidt.eu\/index.php?rest_route=\/wp\/v2\/users\/1"}],"replies":[{"embeddable":true,"href":"https:\/\/rechtsanwalt-schmidt.eu\/index.php?rest_route=%2Fwp%2Fv2%2Fcomments&post=327"}],"version-history":[{"count":7,"href":"https:\/\/rechtsanwalt-schmidt.eu\/index.php?rest_route=\/wp\/v2\/pages\/327\/revisions"}],"predecessor-version":[{"id":362,"href":"https:\/\/rechtsanwalt-schmidt.eu\/index.php?rest_route=\/wp\/v2\/pages\/327\/revisions\/362"}],"wp:attachment":[{"href":"https:\/\/rechtsanwalt-schmidt.eu\/index.php?rest_route=%2Fwp%2Fv2%2Fmedia&parent=327"}],"curies":[{"name":"wp","href":"https:\/\/api.w.org\/{rel}","templated":true}]}}