{"id":39,"date":"2016-02-08T21:16:03","date_gmt":"2016-02-08T21:16:03","guid":{"rendered":"http:\/\/rechtsanwalt-schmidt.eu\/?page_id=39"},"modified":"2023-07-10T18:28:25","modified_gmt":"2023-07-10T18:28:25","slug":"kontakt","status":"publish","type":"page","link":"https:\/\/rechtsanwalt-schmidt.eu\/?page_id=39","title":{"rendered":"Kontakt"},"content":{"rendered":"<p>Rechtsanwalt Florian Schmidt<\/p>\n<p>Narzissenweg 2<\/p>\n<p>91564 Neuendettelsau<\/p>\n<hr \/>\n<p>Telefon +49 9874 \/ 689 6229<\/p>\n<hr \/>\n<p>E-Mail <a href=\"mailto:info@rechtsanwalt-schmidt.eu\">info@rechtsanwalt-schmidt.eu<\/a><\/p>\n<hr \/>\n<p><strong>Bitte beachten Sie, dass eine Daten\u00fcbermittlung via E-Mail grunds\u00e4tzlich unsicher ist, wenn Sie nicht selbst geeignete Schutzma\u00dfnahmen ergreifen. Schutzw\u00fcrdige Nachrichten sollten Sie daher entweder auf konventionellem Postwege oder als verschl\u00fcsselte E-Mail an uns richten.<\/strong><\/p>\n<p><strong>F\u00fcr unsere Antwort geben Sie bei Kontaktaufnahme per E-Mail bitte auch Ihre Postanschrift an.<\/strong><\/p>\n","protected":false},"excerpt":{"rendered":"<p>Rechtsanwalt Florian Schmidt Narzissenweg 2 91564 Neuendettelsau Telefon +49 9874 \/ 689 6229 E-Mail info@rechtsanwalt-schmidt.eu Bitte beachten Sie, dass eine Daten\u00fcbermittlung via E-Mail grunds\u00e4tzlich unsicher ist, wenn Sie nicht selbst geeignete Schutzma\u00dfnahmen ergreifen. Schutzw\u00fcrdige Nachrichten sollten Sie daher entweder auf<\/p>\n","protected":false},"author":1,"featured_media":0,"parent":0,"menu_order":5,"comment_status":"closed","ping_status":"closed","template":"","meta":{"footnotes":""},"class_list":["post-39","page","type-page","status-publish","hentry"],"_links":{"self":[{"href":"https:\/\/rechtsanwalt-schmidt.eu\/index.php?rest_route=\/wp\/v2\/pages\/39","targetHints":{"allow":["GET"]}}],"collection":[{"href":"https:\/\/rechtsanwalt-schmidt.eu\/index.php?rest_route=\/wp\/v2\/pages"}],"about":[{"href":"https:\/\/rechtsanwalt-schmidt.eu\/index.php?rest_route=\/wp\/v2\/types\/page"}],"author":[{"embeddable":true,"href":"https:\/\/rechtsanwalt-schmidt.eu\/index.php?rest_route=\/wp\/v2\/users\/1"}],"replies":[{"embeddable":true,"href":"https:\/\/rechtsanwalt-schmidt.eu\/index.php?rest_route=%2Fwp%2Fv2%2Fcomments&post=39"}],"version-history":[{"count":16,"href":"https:\/\/rechtsanwalt-schmidt.eu\/index.php?rest_route=\/wp\/v2\/pages\/39\/revisions"}],"predecessor-version":[{"id":364,"href":"https:\/\/rechtsanwalt-schmidt.eu\/index.php?rest_route=\/wp\/v2\/pages\/39\/revisions\/364"}],"wp:attachment":[{"href":"https:\/\/rechtsanwalt-schmidt.eu\/index.php?rest_route=%2Fwp%2Fv2%2Fmedia&parent=39"}],"curies":[{"name":"wp","href":"https:\/\/api.w.org\/{rel}","templated":true}]}}