{"id":41,"date":"2016-02-08T21:19:12","date_gmt":"2016-02-08T21:19:12","guid":{"rendered":"http:\/\/rechtsanwalt-schmidt.eu\/?page_id=41"},"modified":"2026-03-23T20:19:09","modified_gmt":"2026-03-23T20:19:09","slug":"impressum","status":"publish","type":"page","link":"https:\/\/rechtsanwalt-schmidt.eu\/?page_id=41","title":{"rendered":"Impressum"},"content":{"rendered":"<p>Anbieter ist Rechtsanwalt Florian Schmidt.<\/p>\n<hr \/>\n<p>Kontaktinformationen:<\/p>\n<p>Rechtsanwalt Florian Schmidt<\/p>\n<p>Narzissenweg 2<\/p>\n<p>91564 Neuendettelsau<\/p>\n<p>Telefon +49 9874 \/ 689 6229<\/p>\n<p>E-Mail <a href=\"mailto:info@rechtsanwalt-schmidt.eu\">info@rechtsanwalt-schmidt.eu<\/a><\/p>\n<hr \/>\n<p>Der Inhaber Florian Schmidt ist Mitglied der Rechtsanwaltskammer N\u00fcrnberg:<\/p>\n<p>Rechtsanwaltskammer N\u00fcrnberg<br \/>\nF\u00fcrther Stra\u00dfe 115<br \/>\n90429 N\u00fcrnberg<\/p>\n<p>Die in der Bundesrepublik Deutschland verliehene Berufsbezeichnung des Inhabers Florian Schmidt:<\/p>\n<p>Rechtsanwalt<\/p>\n<hr \/>\n<p>Die ma\u00dfgeblichen berufsrechtlichen Regelungen sind die\u00a0 Bundesrechtsanwaltsordnung (BRAO), die\u00a0 Berufsordnung f\u00fcr Rechtsanw\u00e4lte (BORA), die\u00a0 Bundesgeb\u00fchrenordnung f\u00fcr Rechtsanw\u00e4lte (BRAGO), das\u00a0 Rechtsanwaltsverg\u00fctungsgesetz (RVG), die\u00a0 Fachanwaltsordnung, die\u00a0 Berufsregeln der Rechtsanw\u00e4lte der Europ\u00e4ischen Gemeinschaft, das\u00a0 Gesetz \u00fcber die T\u00e4tigkeit europ\u00e4ischer Rechtsanw\u00e4lte (EuRAG), Law implementing the Directives of the European Community pertaining to the professional law regulating the legal profession.<\/p>\n<hr \/>\n<p>Verg\u00fctung f\u00fcr T\u00e4tigkeit:<br \/>\nF\u00fcr Rechtsanwaltst\u00e4tigkeiten berechne ich Honorare auf der Basis des Rechtsanwaltsverg\u00fctungsgesetzes (RVG) und gegebenenfalls individueller Honorarvereinbarungen. Die Regelungen k\u00f6nnen bei der Bundesrechtsanwaltskammer unter www.brak.de eingesehen werden.<\/p>\n<p>Rechtsanw\u00e4ltinnen und Rechtsanw\u00e4lte sind aufgrund der Bundesrechtsanwaltsordnung verpflichtet, eine Berufshaftpflichtversicherung mit einer Mindestversicherungssumme von 250.000,&#8211; Euro zu unterhalten. Die Einzelheiten ergeben sich aus \u00a751 BRAO.<\/p>\n<hr \/>\n<p>Diese Angaben erfolgen in Umsetzung der am 17.05.2010 in Kraft getretenen Dienstleistungs-Informationspflichtenverordnung (DL-InfoV), die wiederum der Umsetzung der Dienstleistungsrichtlinie in der Europ\u00e4ischen Union dient (Richtlinie 2006\/123\/EG vom 12.12.2007)<\/p>\n","protected":false},"excerpt":{"rendered":"<p>Anbieter ist Rechtsanwalt Florian Schmidt. Kontaktinformationen: Rechtsanwalt Florian Schmidt Narzissenweg 2 91564 Neuendettelsau Telefon +49 9874 \/ 689 6229 E-Mail info@rechtsanwalt-schmidt.eu Der Inhaber Florian Schmidt ist Mitglied der Rechtsanwaltskammer N\u00fcrnberg: Rechtsanwaltskammer N\u00fcrnberg F\u00fcrther Stra\u00dfe 115 90429 N\u00fcrnberg Die in der<\/p>\n","protected":false},"author":1,"featured_media":0,"parent":0,"menu_order":6,"comment_status":"closed","ping_status":"closed","template":"","meta":{"footnotes":""},"class_list":["post-41","page","type-page","status-publish","hentry"],"_links":{"self":[{"href":"https:\/\/rechtsanwalt-schmidt.eu\/index.php?rest_route=\/wp\/v2\/pages\/41","targetHints":{"allow":["GET"]}}],"collection":[{"href":"https:\/\/rechtsanwalt-schmidt.eu\/index.php?rest_route=\/wp\/v2\/pages"}],"about":[{"href":"https:\/\/rechtsanwalt-schmidt.eu\/index.php?rest_route=\/wp\/v2\/types\/page"}],"author":[{"embeddable":true,"href":"https:\/\/rechtsanwalt-schmidt.eu\/index.php?rest_route=\/wp\/v2\/users\/1"}],"replies":[{"embeddable":true,"href":"https:\/\/rechtsanwalt-schmidt.eu\/index.php?rest_route=%2Fwp%2Fv2%2Fcomments&post=41"}],"version-history":[{"count":20,"href":"https:\/\/rechtsanwalt-schmidt.eu\/index.php?rest_route=\/wp\/v2\/pages\/41\/revisions"}],"predecessor-version":[{"id":415,"href":"https:\/\/rechtsanwalt-schmidt.eu\/index.php?rest_route=\/wp\/v2\/pages\/41\/revisions\/415"}],"wp:attachment":[{"href":"https:\/\/rechtsanwalt-schmidt.eu\/index.php?rest_route=%2Fwp%2Fv2%2Fmedia&parent=41"}],"curies":[{"name":"wp","href":"https:\/\/api.w.org\/{rel}","templated":true}]}}